{"id":1778,"date":"2024-07-09T16:30:25","date_gmt":"2024-07-09T14:30:25","guid":{"rendered":"https:\/\/casita-joylove.com\/?page_id=1778"},"modified":"2024-07-17T18:55:09","modified_gmt":"2024-07-17T16:55:09","slug":"chambre-piscine","status":"publish","type":"page","link":"https:\/\/casita-joylove.com\/index.php\/chambre-piscine\/","title":{"rendered":"Chambre Piscine"},"content":{"rendered":"\t\t<div data-elementor-type=\"wp-page\" data-elementor-id=\"1778\" class=\"elementor elementor-1778\">\n\t\t\t\t\t\t<section class=\"elementor-section elementor-top-section elementor-element elementor-element-58c5d67 qodef-elementor-content-grid elementor-section-height-min-height elementor-section-content-top elementor-section-boxed elementor-section-height-default elementor-section-items-middle\" data-id=\"58c5d67\" data-element_type=\"section\" data-settings=\"{&quot;background_background&quot;:&quot;slideshow&quot;,&quot;background_slideshow_gallery&quot;:[{&quot;id&quot;:1649,&quot;url&quot;:&quot;https:\\\/\\\/casita-joylove.com\\\/wp-content\\\/uploads\\\/2024\\\/07\\\/maison-location-javea-luxe-espagne-31.jpg&quot;}],&quot;background_slideshow_slide_duration&quot;:2000,&quot;background_slideshow_loop&quot;:&quot;yes&quot;,&quot;background_slideshow_slide_transition&quot;:&quot;fade&quot;,&quot;background_slideshow_transition_duration&quot;:500}\">\n\t\t\t\t\t\t<div class=\"elementor-container elementor-column-gap-default\">\n\t\t\t\t\t<div class=\"elementor-column elementor-col-50 elementor-top-column elementor-element elementor-element-fefc012\" data-id=\"fefc012\" data-element_type=\"column\">\n\t\t\t<div class=\"elementor-widget-wrap elementor-element-populated\">\n\t\t\t\t\t\t<section class=\"elementor-section elementor-inner-section elementor-element elementor-element-60fd7ca elementor-section-content-top elementor-section-boxed elementor-section-height-default elementor-section-height-default qodef-elementor-content-no\" data-id=\"60fd7ca\" data-element_type=\"section\" data-settings=\"{&quot;background_background&quot;:&quot;classic&quot;}\">\n\t\t\t\t\t\t<div class=\"elementor-container elementor-column-gap-default\">\n\t\t\t\t\t<div class=\"elementor-column elementor-col-100 elementor-inner-column elementor-element elementor-element-0e57a6c\" data-id=\"0e57a6c\" data-element_type=\"column\">\n\t\t\t<div class=\"elementor-widget-wrap elementor-element-populated\">\n\t\t\t\t\t\t<div class=\"elementor-element elementor-element-396e795 elementor-widget elementor-widget-qi_addons_for_elementor_section_title\" data-id=\"396e795\" data-element_type=\"widget\" data-widget_type=\"qi_addons_for_elementor_section_title.default\">\n\t\t\t\t<div class=\"elementor-widget-container\">\n\t\t\t<div class=\"qodef-shortcode qodef-m  qodef-qi-section-title  qodef-decoration--italic  qodef-link--underline-draw qodef-subtitle-icon--left\">\n\t\t\t\t<h5 class=\"qodef-m-subtitle\">\n\t\tRez-de-chauss\u00e9e\t\t\t<\/h5>\n\t\t\t<h3 class=\"qodef-m-title\">\n\t\tVUE SUR PISCINE\t<\/h3>\n\t\t\t<\/div>\n\t\t<\/div>\n\t\t\t\t<\/div>\n\t\t\t\t<div class=\"elementor-element elementor-element-4bd1a0b elementor-icon-list--layout-traditional elementor-list-item-link-full_width elementor-widget elementor-widget-icon-list\" data-id=\"4bd1a0b\" data-element_type=\"widget\" data-widget_type=\"icon-list.default\">\n\t\t\t\t<div class=\"elementor-widget-container\">\n\t\t\t<link rel=\"stylesheet\" href=\"https:\/\/casita-joylove.com\/wp-content\/plugins\/elementor\/assets\/css\/widget-icon-list.min.css\">\t\t<ul class=\"elementor-icon-list-items\">\n\t\t\t\t\t\t\t<li class=\"elementor-icon-list-item\">\n\t\t\t\t\t\t\t\t\t\t\t<span class=\"elementor-icon-list-icon\">\n\t\t\t\t\t\t\t<svg aria-hidden=\"true\" class=\"e-font-icon-svg e-fas-bed\" viewBox=\"0 0 640 512\" xmlns=\"http:\/\/www.w3.org\/2000\/svg\"><path d=\"M176 256c44.11 0 80-35.89 80-80s-35.89-80-80-80-80 35.89-80 80 35.89 80 80 80zm352-128H304c-8.84 0-16 7.16-16 16v144H64V80c0-8.84-7.16-16-16-16H16C7.16 64 0 71.16 0 80v352c0 8.84 7.16 16 16 16h32c8.84 0 16-7.16 16-16v-48h512v48c0 8.84 7.16 16 16 16h32c8.84 0 16-7.16 16-16V240c0-61.86-50.14-112-112-112z\"><\/path><\/svg>\t\t\t\t\t\t<\/span>\n\t\t\t\t\t\t\t\t\t\t<span class=\"elementor-icon-list-text\">Chambre double au rez-de-chauss\u00e9e, acc\u00e8s direct \u00e0 la piscine, sa salle de douches et toilettes s\u00e9par\u00e9es. Literie de qualit\u00e9 160 cm. Chambre climatis\u00e9e.<\/span>\n\t\t\t\t\t\t\t\t\t<\/li>\n\t\t\t\t\t\t<\/ul>\n\t\t\t\t<\/div>\n\t\t\t\t<\/div>\n\t\t\t\t\t<\/div>\n\t\t<\/div>\n\t\t\t\t\t<\/div>\n\t\t<\/section>\n\t\t\t\t\t<\/div>\n\t\t<\/div>\n\t\t\t\t<div class=\"elementor-column elementor-col-50 elementor-top-column elementor-element elementor-element-b786618\" data-id=\"b786618\" data-element_type=\"column\">\n\t\t\t<div class=\"elementor-widget-wrap\">\n\t\t\t\t\t\t\t<\/div>\n\t\t<\/div>\n\t\t\t\t\t<\/div>\n\t\t<\/section>\n\t\t<div class=\"elementor-element elementor-element-ade6d71 e-flex e-con-boxed qodef-elementor-content-no e-con e-parent\" data-id=\"ade6d71\" data-element_type=\"container\">\n\t\t\t\t\t<div class=\"e-con-inner\">\n\t\t\t\t<div class=\"elementor-element elementor-element-9e331bb elementor-widget elementor-widget-spacer\" data-id=\"9e331bb\" data-element_type=\"widget\" data-widget_type=\"spacer.default\">\n\t\t\t\t<div class=\"elementor-widget-container\">\n\t\t\t<style>\/*! elementor - v3.22.0 - 17-06-2024 *\/\n.elementor-column .elementor-spacer-inner{height:var(--spacer-size)}.e-con{--container-widget-width:100%}.e-con-inner>.elementor-widget-spacer,.e-con>.elementor-widget-spacer{width:var(--container-widget-width,var(--spacer-size));--align-self:var(--container-widget-align-self,initial);--flex-shrink:0}.e-con-inner>.elementor-widget-spacer>.elementor-widget-container,.e-con>.elementor-widget-spacer>.elementor-widget-container{height:100%;width:100%}.e-con-inner>.elementor-widget-spacer>.elementor-widget-container>.elementor-spacer,.e-con>.elementor-widget-spacer>.elementor-widget-container>.elementor-spacer{height:100%}.e-con-inner>.elementor-widget-spacer>.elementor-widget-container>.elementor-spacer>.elementor-spacer-inner,.e-con>.elementor-widget-spacer>.elementor-widget-container>.elementor-spacer>.elementor-spacer-inner{height:var(--container-widget-height,var(--spacer-size))}.e-con-inner>.elementor-widget-spacer.elementor-widget-empty,.e-con>.elementor-widget-spacer.elementor-widget-empty{position:relative;min-height:22px;min-width:22px}.e-con-inner>.elementor-widget-spacer.elementor-widget-empty .elementor-widget-empty-icon,.e-con>.elementor-widget-spacer.elementor-widget-empty .elementor-widget-empty-icon{position:absolute;top:0;bottom:0;left:0;right:0;margin:auto;padding:0;width:22px;height:22px}<\/style>\t\t<div class=\"elementor-spacer\">\n\t\t\t<div class=\"elementor-spacer-inner\"><\/div>\n\t\t<\/div>\n\t\t\t\t<\/div>\n\t\t\t\t<\/div>\n\t\t\t\t\t<\/div>\n\t\t\t\t<\/div>\n\t\t<div class=\"elementor-element elementor-element-d02b251 e-con-full e-flex qodef-elementor-content-no e-con e-parent\" data-id=\"d02b251\" data-element_type=\"container\">\n\t\t\t\t<div class=\"elementor-element elementor-element-f9c7879 gallery-spacing-custom elementor-widget elementor-widget-image-gallery\" data-id=\"f9c7879\" data-element_type=\"widget\" data-widget_type=\"image-gallery.default\">\n\t\t\t\t<div class=\"elementor-widget-container\">\n\t\t\t<style>\/*! elementor - v3.22.0 - 17-06-2024 *\/\n.elementor-image-gallery .gallery-item{display:inline-block;text-align:center;vertical-align:top;width:100%;max-width:100%;margin:0 auto}.elementor-image-gallery .gallery-item img{margin:0 auto}.elementor-image-gallery .gallery-item .gallery-caption{margin:0}.elementor-image-gallery figure img{display:block}.elementor-image-gallery figure figcaption{width:100%}.gallery-spacing-custom .elementor-image-gallery .gallery-icon{padding:0}@media (min-width:768px){.elementor-image-gallery .gallery-columns-2 .gallery-item{max-width:50%}.elementor-image-gallery .gallery-columns-3 .gallery-item{max-width:33.33%}.elementor-image-gallery .gallery-columns-4 .gallery-item{max-width:25%}.elementor-image-gallery .gallery-columns-5 .gallery-item{max-width:20%}.elementor-image-gallery .gallery-columns-6 .gallery-item{max-width:16.666%}.elementor-image-gallery .gallery-columns-7 .gallery-item{max-width:14.28%}.elementor-image-gallery .gallery-columns-8 .gallery-item{max-width:12.5%}.elementor-image-gallery .gallery-columns-9 .gallery-item{max-width:11.11%}.elementor-image-gallery .gallery-columns-10 .gallery-item{max-width:10%}}@media (min-width:480px) and (max-width:767px){.elementor-image-gallery .gallery.gallery-columns-2 .gallery-item,.elementor-image-gallery .gallery.gallery-columns-3 .gallery-item,.elementor-image-gallery .gallery.gallery-columns-4 .gallery-item,.elementor-image-gallery .gallery.gallery-columns-5 .gallery-item,.elementor-image-gallery .gallery.gallery-columns-6 .gallery-item,.elementor-image-gallery .gallery.gallery-columns-7 .gallery-item,.elementor-image-gallery .gallery.gallery-columns-8 .gallery-item,.elementor-image-gallery .gallery.gallery-columns-9 .gallery-item,.elementor-image-gallery .gallery.gallery-columns-10 .gallery-item{max-width:50%}}@media (max-width:479px){.elementor-image-gallery .gallery.gallery-columns-2 .gallery-item,.elementor-image-gallery .gallery.gallery-columns-3 .gallery-item,.elementor-image-gallery .gallery.gallery-columns-4 .gallery-item,.elementor-image-gallery .gallery.gallery-columns-5 .gallery-item,.elementor-image-gallery .gallery.gallery-columns-6 .gallery-item,.elementor-image-gallery .gallery.gallery-columns-7 .gallery-item,.elementor-image-gallery .gallery.gallery-columns-8 .gallery-item,.elementor-image-gallery .gallery.gallery-columns-9 .gallery-item,.elementor-image-gallery .gallery.gallery-columns-10 .gallery-item{max-width:100%}}<\/style>\t\t<div class=\"elementor-image-gallery\">\n\t\t\t\n\t\t<style type=\"text\/css\">\n\t\t\t#gallery-1 {\n\t\t\t\tmargin: auto;\n\t\t\t}\n\t\t\t#gallery-1 .gallery-item {\n\t\t\t\tfloat: left;\n\t\t\t\tmargin-top: 10px;\n\t\t\t\ttext-align: center;\n\t\t\t\twidth: 33%;\n\t\t\t}\n\t\t\t#gallery-1 img {\n\t\t\t\tborder: 2px solid #cfcfcf;\n\t\t\t}\n\t\t\t#gallery-1 .gallery-caption {\n\t\t\t\tmargin-left: 0;\n\t\t\t}\n\t\t\t\/* see gallery_shortcode() in wp-includes\/media.php *\/\n\t\t<\/style>\n\t\t<div id='gallery-1' class='gallery galleryid-1778 gallery-columns-3 gallery-size-large'><dl class='gallery-item'>\n\t\t\t<dt class='gallery-icon landscape'>\n\t\t\t\t<a data-elementor-open-lightbox=\"yes\" data-elementor-lightbox-slideshow=\"f9c7879\" data-elementor-lightbox-title=\"maison-location-javea-luxe-espagne-48\" data-e-action-hash=\"#elementor-action%3Aaction%3Dlightbox%26settings%3DeyJpZCI6MTY2NiwidXJsIjoiaHR0cHM6XC9cL2Nhc2l0YS1qb3lsb3ZlLmNvbVwvd3AtY29udGVudFwvdXBsb2Fkc1wvMjAyNFwvMDdcL21haXNvbi1sb2NhdGlvbi1qYXZlYS1sdXhlLWVzcGFnbmUtNDguanBnIiwic2xpZGVzaG93IjoiZjljNzg3OSJ9\" href='https:\/\/casita-joylove.com\/wp-content\/uploads\/2024\/07\/maison-location-javea-luxe-espagne-48.jpg'><img fetchpriority=\"high\" decoding=\"async\" width=\"1024\" height=\"683\" src=\"https:\/\/casita-joylove.com\/wp-content\/uploads\/2024\/07\/maison-location-javea-luxe-espagne-48-1024x683.jpg\" class=\"attachment-large size-large\" alt=\"\" srcset=\"https:\/\/casita-joylove.com\/wp-content\/uploads\/2024\/07\/maison-location-javea-luxe-espagne-48-1024x683.jpg 1024w, https:\/\/casita-joylove.com\/wp-content\/uploads\/2024\/07\/maison-location-javea-luxe-espagne-48-300x200.jpg 300w, https:\/\/casita-joylove.com\/wp-content\/uploads\/2024\/07\/maison-location-javea-luxe-espagne-48-768x512.jpg 768w, https:\/\/casita-joylove.com\/wp-content\/uploads\/2024\/07\/maison-location-javea-luxe-espagne-48-1536x1024.jpg 1536w, https:\/\/casita-joylove.com\/wp-content\/uploads\/2024\/07\/maison-location-javea-luxe-espagne-48-2048x1365.jpg 2048w\" sizes=\"(max-width: 1024px) 100vw, 1024px\" \/><\/a>\n\t\t\t<\/dt><\/dl><dl class='gallery-item'>\n\t\t\t<dt class='gallery-icon landscape'>\n\t\t\t\t<a data-elementor-open-lightbox=\"yes\" data-elementor-lightbox-slideshow=\"f9c7879\" data-elementor-lightbox-title=\"maison-location-javea-luxe-espagne-31\" data-e-action-hash=\"#elementor-action%3Aaction%3Dlightbox%26settings%3DeyJpZCI6MTY0OSwidXJsIjoiaHR0cHM6XC9cL2Nhc2l0YS1qb3lsb3ZlLmNvbVwvd3AtY29udGVudFwvdXBsb2Fkc1wvMjAyNFwvMDdcL21haXNvbi1sb2NhdGlvbi1qYXZlYS1sdXhlLWVzcGFnbmUtMzEuanBnIiwic2xpZGVzaG93IjoiZjljNzg3OSJ9\" href='https:\/\/casita-joylove.com\/wp-content\/uploads\/2024\/07\/maison-location-javea-luxe-espagne-31.jpg'><img decoding=\"async\" width=\"1024\" height=\"683\" src=\"https:\/\/casita-joylove.com\/wp-content\/uploads\/2024\/07\/maison-location-javea-luxe-espagne-31-1024x683.jpg\" class=\"attachment-large size-large\" alt=\"\" srcset=\"https:\/\/casita-joylove.com\/wp-content\/uploads\/2024\/07\/maison-location-javea-luxe-espagne-31-1024x683.jpg 1024w, https:\/\/casita-joylove.com\/wp-content\/uploads\/2024\/07\/maison-location-javea-luxe-espagne-31-300x200.jpg 300w, https:\/\/casita-joylove.com\/wp-content\/uploads\/2024\/07\/maison-location-javea-luxe-espagne-31-768x512.jpg 768w, https:\/\/casita-joylove.com\/wp-content\/uploads\/2024\/07\/maison-location-javea-luxe-espagne-31-1536x1024.jpg 1536w, https:\/\/casita-joylove.com\/wp-content\/uploads\/2024\/07\/maison-location-javea-luxe-espagne-31-2048x1365.jpg 2048w\" sizes=\"(max-width: 1024px) 100vw, 1024px\" \/><\/a>\n\t\t\t<\/dt><\/dl><dl class='gallery-item'>\n\t\t\t<dt class='gallery-icon landscape'>\n\t\t\t\t<a data-elementor-open-lightbox=\"yes\" data-elementor-lightbox-slideshow=\"f9c7879\" data-elementor-lightbox-title=\"maison-location-javea-luxe-espagne-42\" data-e-action-hash=\"#elementor-action%3Aaction%3Dlightbox%26settings%3DeyJpZCI6MTY2MCwidXJsIjoiaHR0cHM6XC9cL2Nhc2l0YS1qb3lsb3ZlLmNvbVwvd3AtY29udGVudFwvdXBsb2Fkc1wvMjAyNFwvMDdcL21haXNvbi1sb2NhdGlvbi1qYXZlYS1sdXhlLWVzcGFnbmUtNDIuanBnIiwic2xpZGVzaG93IjoiZjljNzg3OSJ9\" href='https:\/\/casita-joylove.com\/wp-content\/uploads\/2024\/07\/maison-location-javea-luxe-espagne-42.jpg'><img decoding=\"async\" width=\"1024\" height=\"683\" src=\"https:\/\/casita-joylove.com\/wp-content\/uploads\/2024\/07\/maison-location-javea-luxe-espagne-42-1024x683.jpg\" class=\"attachment-large size-large\" alt=\"\" srcset=\"https:\/\/casita-joylove.com\/wp-content\/uploads\/2024\/07\/maison-location-javea-luxe-espagne-42-1024x683.jpg 1024w, https:\/\/casita-joylove.com\/wp-content\/uploads\/2024\/07\/maison-location-javea-luxe-espagne-42-300x200.jpg 300w, https:\/\/casita-joylove.com\/wp-content\/uploads\/2024\/07\/maison-location-javea-luxe-espagne-42-768x512.jpg 768w, https:\/\/casita-joylove.com\/wp-content\/uploads\/2024\/07\/maison-location-javea-luxe-espagne-42-1536x1024.jpg 1536w, https:\/\/casita-joylove.com\/wp-content\/uploads\/2024\/07\/maison-location-javea-luxe-espagne-42-2048x1365.jpg 2048w\" sizes=\"(max-width: 1024px) 100vw, 1024px\" \/><\/a>\n\t\t\t<\/dt><\/dl><br style=\"clear: both\" \/>\n\t\t<\/div>\n\t\t<\/div>\n\t\t\t\t<\/div>\n\t\t\t\t<\/div>\n\t\t\t\t<\/div>\n\t\t\t\t<\/div>\n\t\t","protected":false},"excerpt":{"rendered":"<p>Rez-de-chauss\u00e9e VUE SUR PISCINE Chambre double au rez-de-chauss\u00e9e, acc\u00e8s direct \u00e0 la piscine, sa salle de douches et toilettes s\u00e9par\u00e9es. Literie de qualit\u00e9 160 cm. Chambre climatis\u00e9e.<\/p>\n","protected":false},"author":1,"featured_media":0,"parent":0,"menu_order":0,"comment_status":"closed","ping_status":"closed","template":"qi-full-width.php","meta":{"content-type":"","_monsterinsights_skip_tracking":false,"_monsterinsights_sitenote_active":false,"_monsterinsights_sitenote_note":"","_monsterinsights_sitenote_category":0,"footnotes":""},"class_list":["post-1778","page","type-page","status-publish","hentry"],"aioseo_notices":[],"_links":{"self":[{"href":"https:\/\/casita-joylove.com\/index.php\/wp-json\/wp\/v2\/pages\/1778","targetHints":{"allow":["GET"]}}],"collection":[{"href":"https:\/\/casita-joylove.com\/index.php\/wp-json\/wp\/v2\/pages"}],"about":[{"href":"https:\/\/casita-joylove.com\/index.php\/wp-json\/wp\/v2\/types\/page"}],"author":[{"embeddable":true,"href":"https:\/\/casita-joylove.com\/index.php\/wp-json\/wp\/v2\/users\/1"}],"replies":[{"embeddable":true,"href":"https:\/\/casita-joylove.com\/index.php\/wp-json\/wp\/v2\/comments?post=1778"}],"version-history":[{"count":7,"href":"https:\/\/casita-joylove.com\/index.php\/wp-json\/wp\/v2\/pages\/1778\/revisions"}],"predecessor-version":[{"id":1819,"href":"https:\/\/casita-joylove.com\/index.php\/wp-json\/wp\/v2\/pages\/1778\/revisions\/1819"}],"wp:attachment":[{"href":"https:\/\/casita-joylove.com\/index.php\/wp-json\/wp\/v2\/media?parent=1778"}],"curies":[{"name":"wp","href":"https:\/\/api.w.org\/{rel}","templated":true}]}}