{"id":1708,"date":"2024-07-09T15:38:48","date_gmt":"2024-07-09T13:38:48","guid":{"rendered":"https:\/\/casita-joylove.com\/?page_id=1708"},"modified":"2024-07-17T18:53:10","modified_gmt":"2024-07-17T16:53:10","slug":"les-chambres","status":"publish","type":"page","link":"https:\/\/casita-joylove.com\/index.php\/les-chambres\/","title":{"rendered":"Les chambres"},"content":{"rendered":"\t\t<div data-elementor-type=\"wp-page\" data-elementor-id=\"1708\" class=\"elementor elementor-1708\">\n\t\t\t\t<div class=\"elementor-element elementor-element-47755306 e-con-full e-flex qodef-elementor-content-no e-con e-parent\" data-id=\"47755306\" data-element_type=\"container\">\n\t\t\t\t<div class=\"elementor-element elementor-element-5622c98 elementor-widget elementor-widget-spacer\" data-id=\"5622c98\" data-element_type=\"widget\" data-widget_type=\"spacer.default\">\n\t\t\t\t<div class=\"elementor-widget-container\">\n\t\t\t<style>\/*! elementor - v3.22.0 - 17-06-2024 *\/\n.elementor-column .elementor-spacer-inner{height:var(--spacer-size)}.e-con{--container-widget-width:100%}.e-con-inner>.elementor-widget-spacer,.e-con>.elementor-widget-spacer{width:var(--container-widget-width,var(--spacer-size));--align-self:var(--container-widget-align-self,initial);--flex-shrink:0}.e-con-inner>.elementor-widget-spacer>.elementor-widget-container,.e-con>.elementor-widget-spacer>.elementor-widget-container{height:100%;width:100%}.e-con-inner>.elementor-widget-spacer>.elementor-widget-container>.elementor-spacer,.e-con>.elementor-widget-spacer>.elementor-widget-container>.elementor-spacer{height:100%}.e-con-inner>.elementor-widget-spacer>.elementor-widget-container>.elementor-spacer>.elementor-spacer-inner,.e-con>.elementor-widget-spacer>.elementor-widget-container>.elementor-spacer>.elementor-spacer-inner{height:var(--container-widget-height,var(--spacer-size))}.e-con-inner>.elementor-widget-spacer.elementor-widget-empty,.e-con>.elementor-widget-spacer.elementor-widget-empty{position:relative;min-height:22px;min-width:22px}.e-con-inner>.elementor-widget-spacer.elementor-widget-empty .elementor-widget-empty-icon,.e-con>.elementor-widget-spacer.elementor-widget-empty .elementor-widget-empty-icon{position:absolute;top:0;bottom:0;left:0;right:0;margin:auto;padding:0;width:22px;height:22px}<\/style>\t\t<div class=\"elementor-spacer\">\n\t\t\t<div class=\"elementor-spacer-inner\"><\/div>\n\t\t<\/div>\n\t\t\t\t<\/div>\n\t\t\t\t<\/div>\n\t\t\t\t<div class=\"elementor-element elementor-element-76ef4ac8 elementor-widget__width-initial elementor-widget elementor-widget-qi_addons_for_elementor_section_title\" data-id=\"76ef4ac8\" data-element_type=\"widget\" data-widget_type=\"qi_addons_for_elementor_section_title.default\">\n\t\t\t\t<div class=\"elementor-widget-container\">\n\t\t\t<div class=\"qodef-shortcode qodef-m  qodef-qi-section-title  qodef-decoration--italic  qodef-link--underline-draw qodef-subtitle-icon--left\">\n\t\t\t\t<h5 class=\"qodef-m-subtitle\">\n\t\tCasita Joy &amp; Love\t\t\t<\/h5>\n\t\t\t<h2 class=\"qodef-m-title\">\n\t\t3 chambres \u2014 Capacit\u00e9 6 personnes\t<\/h2>\n\t\t\t<\/div>\n\t\t<\/div>\n\t\t\t\t<\/div>\n\t\t\t\t<div class=\"elementor-element elementor-element-2cec63d6 elementor-widget elementor-widget-spacer\" data-id=\"2cec63d6\" data-element_type=\"widget\" data-widget_type=\"spacer.default\">\n\t\t\t\t<div class=\"elementor-widget-container\">\n\t\t\t\t\t<div class=\"elementor-spacer\">\n\t\t\t<div class=\"elementor-spacer-inner\"><\/div>\n\t\t<\/div>\n\t\t\t\t<\/div>\n\t\t\t\t<\/div>\n\t\t\t\t<\/div>\n\t\t\t\t<section class=\"elementor-section elementor-top-section elementor-element elementor-element-233c45b9 elementor-section-stretched elementor-section-boxed elementor-section-height-default elementor-section-height-default qodef-elementor-content-no\" data-id=\"233c45b9\" data-element_type=\"section\" data-settings=\"{&quot;stretch_section&quot;:&quot;section-stretched&quot;}\">\n\t\t\t\t\t\t\t<div class=\"elementor-background-overlay\"><\/div>\n\t\t\t\t\t\t\t<div class=\"elementor-container elementor-column-gap-default\">\n\t\t\t\t\t<div class=\"elementor-column elementor-col-33 elementor-top-column elementor-element elementor-element-3710302a\" data-id=\"3710302a\" data-element_type=\"column\">\n\t\t\t<div class=\"elementor-widget-wrap elementor-element-populated\">\n\t\t\t\t\t\t<div class=\"elementor-element elementor-element-2a48d403 elementor-widget elementor-widget-qi_addons_for_elementor_banner\" data-id=\"2a48d403\" data-element_type=\"widget\" data-widget_type=\"qi_addons_for_elementor_banner.default\">\n\t\t\t\t<div class=\"elementor-widget-container\">\n\t\t\t<div class=\"qodef-shortcode qodef-m  qodef-qi-banner qodef-layout--standard qodef-vertical--bottom qodef-horizontal--left qodef-image--hover-zoom-out qodef-image--hover-from-bottom\">\n\t<div class=\"qodef-m-image\">\n\t<img fetchpriority=\"high\" decoding=\"async\" width=\"850\" height=\"1280\" src=\"https:\/\/casita-joylove.com\/wp-content\/uploads\/2024\/07\/maison-location-espagne-javea-luxe-chambre-etage.png\" class=\"attachment-full size-full\" alt=\"\" srcset=\"https:\/\/casita-joylove.com\/wp-content\/uploads\/2024\/07\/maison-location-espagne-javea-luxe-chambre-etage.png 850w, https:\/\/casita-joylove.com\/wp-content\/uploads\/2024\/07\/maison-location-espagne-javea-luxe-chambre-etage-199x300.png 199w, https:\/\/casita-joylove.com\/wp-content\/uploads\/2024\/07\/maison-location-espagne-javea-luxe-chambre-etage-680x1024.png 680w, https:\/\/casita-joylove.com\/wp-content\/uploads\/2024\/07\/maison-location-espagne-javea-luxe-chambre-etage-768x1157.png 768w\" sizes=\"(max-width: 850px) 100vw, 850px\" \/><\/div>\n\t<div class=\"qodef-m-content\">\n\t\t<div class=\"qodef-m-content-inner\">\n\t\t\t\t\t\t\t\t\t\t\t\t\t\t<\/div>\n\t<\/div>\n\t\t<a itemprop=\"url\" href=\"https:\/\/casita-joylove.com\/index.php\/chambres-terrasse\/\" class=\"qodef-m-banner-link\" target=\"_self\"><\/a>\n<\/div>\n\t\t<\/div>\n\t\t\t\t<\/div>\n\t\t\t\t<section class=\"elementor-section elementor-inner-section elementor-element elementor-element-3c2eaf72 elementor-section-boxed elementor-section-height-default elementor-section-height-default qodef-elementor-content-no\" data-id=\"3c2eaf72\" data-element_type=\"section\" data-settings=\"{&quot;background_background&quot;:&quot;classic&quot;}\">\n\t\t\t\t\t\t<div class=\"elementor-container elementor-column-gap-default\">\n\t\t\t\t\t<div class=\"elementor-column elementor-col-100 elementor-inner-column elementor-element elementor-element-114550b0\" data-id=\"114550b0\" data-element_type=\"column\">\n\t\t\t<div class=\"elementor-widget-wrap elementor-element-populated\">\n\t\t\t\t\t\t<div class=\"elementor-element elementor-element-17d8abe0 elementor-widget elementor-widget-qi_addons_for_elementor_section_title\" data-id=\"17d8abe0\" data-element_type=\"widget\" data-widget_type=\"qi_addons_for_elementor_section_title.default\">\n\t\t\t\t<div class=\"elementor-widget-container\">\n\t\t\t<div class=\"qodef-shortcode qodef-m  qodef-qi-section-title  qodef-decoration--italic  qodef-link--underline-draw qodef-subtitle-icon--left\">\n\t\t\t\t\t\t<h4 class=\"qodef-m-title\">\n\t\t1er \u00e9TAGE - TERRASSE\t<\/h4>\n\t\t\t<div class=\"qodef-m-text\"><p>Master BedRoom \u00e0 l'\u00e9tage avec sa salle de bains, sa terrasse priv\u00e9e avec mobilier ext\u00e9rieur et vue sur la r\u00e9serve naturelle. Literie de qualit\u00e9 180cm. Chambre climatis\u00e9e.<\/p><\/div>\n\t\t<div class=\"qodef-m-button qodef-qi-clear\">\n\t\t<a class=\"qodef-shortcode qodef-m  qodef-qi-button qodef-html--link qodef-layout--textual qodef-type--standard   qodef-icon--right qodef-hover--icon-move-horizontal-short   qodef-text-underline qodef-underline--left \" href=\"https:\/\/casita-joylove.com\/index.php\/chambres-terrasse\/\" target=\"_self\">\t<span class=\"qodef-m-text\">D\u00c9COUVRIR<\/span>\t<\/a>\t<\/div>\n<\/div>\n\t\t<\/div>\n\t\t\t\t<\/div>\n\t\t\t\t\t<\/div>\n\t\t<\/div>\n\t\t\t\t\t<\/div>\n\t\t<\/section>\n\t\t\t\t\t<\/div>\n\t\t<\/div>\n\t\t\t\t<div class=\"elementor-column elementor-col-33 elementor-top-column elementor-element elementor-element-3e16dd4c\" data-id=\"3e16dd4c\" data-element_type=\"column\">\n\t\t\t<div class=\"elementor-widget-wrap elementor-element-populated\">\n\t\t\t\t\t\t<div class=\"elementor-element elementor-element-5c5c4966 elementor-widget elementor-widget-qi_addons_for_elementor_banner\" data-id=\"5c5c4966\" data-element_type=\"widget\" data-widget_type=\"qi_addons_for_elementor_banner.default\">\n\t\t\t\t<div class=\"elementor-widget-container\">\n\t\t\t<div class=\"qodef-shortcode qodef-m  qodef-qi-banner qodef-layout--standard qodef-vertical--bottom qodef-horizontal--left qodef-image--hover-zoom-out qodef-image--hover-from-bottom\">\n\t<div class=\"qodef-m-image\">\n\t<img decoding=\"async\" width=\"850\" height=\"1280\" src=\"https:\/\/casita-joylove.com\/wp-content\/uploads\/2024\/07\/maison-location-espagne-javea-luxe-rdc.png\" class=\"attachment-full size-full\" alt=\"\" srcset=\"https:\/\/casita-joylove.com\/wp-content\/uploads\/2024\/07\/maison-location-espagne-javea-luxe-rdc.png 850w, https:\/\/casita-joylove.com\/wp-content\/uploads\/2024\/07\/maison-location-espagne-javea-luxe-rdc-199x300.png 199w, https:\/\/casita-joylove.com\/wp-content\/uploads\/2024\/07\/maison-location-espagne-javea-luxe-rdc-680x1024.png 680w, https:\/\/casita-joylove.com\/wp-content\/uploads\/2024\/07\/maison-location-espagne-javea-luxe-rdc-768x1157.png 768w\" sizes=\"(max-width: 850px) 100vw, 850px\" \/><\/div>\n\t<div class=\"qodef-m-content\">\n\t\t<div class=\"qodef-m-content-inner\">\n\t\t\t\t\t\t\t\t\t\t\t\t\t\t<\/div>\n\t<\/div>\n\t\t<a itemprop=\"url\" href=\"https:\/\/casita-joylove.com\/index.php\/chambre-reserve-naturelle\/\" class=\"qodef-m-banner-link\" target=\"_self\"><\/a>\n<\/div>\n\t\t<\/div>\n\t\t\t\t<\/div>\n\t\t\t\t<section class=\"elementor-section elementor-inner-section elementor-element elementor-element-2b7da9a8 elementor-section-boxed elementor-section-height-default elementor-section-height-default qodef-elementor-content-no\" data-id=\"2b7da9a8\" data-element_type=\"section\" data-settings=\"{&quot;background_background&quot;:&quot;classic&quot;}\">\n\t\t\t\t\t\t<div class=\"elementor-container elementor-column-gap-default\">\n\t\t\t\t\t<div class=\"elementor-column elementor-col-100 elementor-inner-column elementor-element elementor-element-425c0af9\" data-id=\"425c0af9\" data-element_type=\"column\">\n\t\t\t<div class=\"elementor-widget-wrap elementor-element-populated\">\n\t\t\t\t\t\t<div class=\"elementor-element elementor-element-11fbe233 elementor-widget elementor-widget-qi_addons_for_elementor_section_title\" data-id=\"11fbe233\" data-element_type=\"widget\" data-widget_type=\"qi_addons_for_elementor_section_title.default\">\n\t\t\t\t<div class=\"elementor-widget-container\">\n\t\t\t<div class=\"qodef-shortcode qodef-m  qodef-qi-section-title  qodef-decoration--italic  qodef-link--underline-draw qodef-subtitle-icon--left\">\n\t\t\t\t\t\t<h4 class=\"qodef-m-title\">\n\t\tVUE SUR LA R\u00e9SERVE NATURELLE\t<\/h4>\n\t\t\t<div class=\"qodef-m-text\"><p>Master BedRoom au rez-de-chauss\u00e9e avec sa salle de bains et vue sur la r\u00e9serve naturelle. Literie de qualit\u00e9 180cm. Chambre climatis\u00e9e.<\/p><\/div>\n\t\t<div class=\"qodef-m-button qodef-qi-clear\">\n\t\t<a class=\"qodef-shortcode qodef-m  qodef-qi-button qodef-html--link qodef-layout--textual qodef-type--standard   qodef-icon--right qodef-hover--icon-move-horizontal-short   qodef-text-underline qodef-underline--left \" href=\"https:\/\/casita-joylove.com\/index.php\/chambre-reserve-naturelle\/\" target=\"_self\">\t<span class=\"qodef-m-text\">D\u00c9COUVRIR<\/span>\t<\/a>\t<\/div>\n<\/div>\n\t\t<\/div>\n\t\t\t\t<\/div>\n\t\t\t\t\t<\/div>\n\t\t<\/div>\n\t\t\t\t\t<\/div>\n\t\t<\/section>\n\t\t\t\t\t<\/div>\n\t\t<\/div>\n\t\t\t\t<div class=\"elementor-column elementor-col-33 elementor-top-column elementor-element elementor-element-3d11d58f\" data-id=\"3d11d58f\" data-element_type=\"column\">\n\t\t\t<div class=\"elementor-widget-wrap elementor-element-populated\">\n\t\t\t\t\t\t<div class=\"elementor-element elementor-element-2a237117 elementor-widget elementor-widget-qi_addons_for_elementor_banner\" data-id=\"2a237117\" data-element_type=\"widget\" data-widget_type=\"qi_addons_for_elementor_banner.default\">\n\t\t\t\t<div class=\"elementor-widget-container\">\n\t\t\t<div class=\"qodef-shortcode qodef-m  qodef-qi-banner qodef-layout--standard qodef-vertical--bottom qodef-horizontal--left qodef-image--hover-zoom-out qodef-image--hover-from-bottom\">\n\t<div class=\"qodef-m-image\">\n\t<img decoding=\"async\" width=\"850\" height=\"1280\" src=\"https:\/\/casita-joylove.com\/wp-content\/uploads\/2024\/07\/maison-location-espagne-javea-luxe-chambre-piscine.png\" class=\"attachment-full size-full\" alt=\"\" srcset=\"https:\/\/casita-joylove.com\/wp-content\/uploads\/2024\/07\/maison-location-espagne-javea-luxe-chambre-piscine.png 850w, https:\/\/casita-joylove.com\/wp-content\/uploads\/2024\/07\/maison-location-espagne-javea-luxe-chambre-piscine-199x300.png 199w, https:\/\/casita-joylove.com\/wp-content\/uploads\/2024\/07\/maison-location-espagne-javea-luxe-chambre-piscine-680x1024.png 680w, https:\/\/casita-joylove.com\/wp-content\/uploads\/2024\/07\/maison-location-espagne-javea-luxe-chambre-piscine-768x1157.png 768w\" sizes=\"(max-width: 850px) 100vw, 850px\" \/><\/div>\n\t<div class=\"qodef-m-content\">\n\t\t<div class=\"qodef-m-content-inner\">\n\t\t\t\t\t\t\t\t\t\t\t\t\t\t<\/div>\n\t<\/div>\n\t\t<a itemprop=\"url\" href=\"https:\/\/casita-joylove.com\/index.php\/chambre-piscine\/\" class=\"qodef-m-banner-link\" target=\"_self\"><\/a>\n<\/div>\n\t\t<\/div>\n\t\t\t\t<\/div>\n\t\t\t\t<section class=\"elementor-section elementor-inner-section elementor-element elementor-element-4a13fd57 elementor-section-boxed elementor-section-height-default elementor-section-height-default qodef-elementor-content-no\" data-id=\"4a13fd57\" data-element_type=\"section\" data-settings=\"{&quot;background_background&quot;:&quot;classic&quot;}\">\n\t\t\t\t\t\t<div class=\"elementor-container elementor-column-gap-default\">\n\t\t\t\t\t<div class=\"elementor-column elementor-col-100 elementor-inner-column elementor-element elementor-element-539511b4\" data-id=\"539511b4\" data-element_type=\"column\">\n\t\t\t<div class=\"elementor-widget-wrap elementor-element-populated\">\n\t\t\t\t\t\t<div class=\"elementor-element elementor-element-b18b51 elementor-widget elementor-widget-qi_addons_for_elementor_section_title\" data-id=\"b18b51\" data-element_type=\"widget\" data-widget_type=\"qi_addons_for_elementor_section_title.default\">\n\t\t\t\t<div class=\"elementor-widget-container\">\n\t\t\t<div class=\"qodef-shortcode qodef-m  qodef-qi-section-title  qodef-decoration--italic  qodef-link--underline-draw qodef-subtitle-icon--left\">\n\t\t\t\t\t\t<h4 class=\"qodef-m-title\">\n\t\tVUE SUR PISCINE\t<\/h4>\n\t\t\t<div class=\"qodef-m-text\"><p>Chambre double au rez-de-chauss\u00e9e, acc\u00e8s direct \u00e0 la piscine, sa salle de douches et toilettes s\u00e9par\u00e9es. Literie de qualit\u00e9 160 cm. Chambre climatis\u00e9e.<\/p><\/div>\n\t\t<div class=\"qodef-m-button qodef-qi-clear\">\n\t\t<a class=\"qodef-shortcode qodef-m  qodef-qi-button qodef-html--link qodef-layout--textual qodef-type--standard   qodef-icon--right qodef-hover--icon-move-horizontal-short   qodef-text-underline qodef-underline--left \" href=\"https:\/\/casita-joylove.com\/index.php\/chambre-piscine\/\" target=\"_self\">\t<span class=\"qodef-m-text\">D\u00c9COUVRIR<\/span>\t<\/a>\t<\/div>\n<\/div>\n\t\t<\/div>\n\t\t\t\t<\/div>\n\t\t\t\t\t<\/div>\n\t\t<\/div>\n\t\t\t\t\t<\/div>\n\t\t<\/section>\n\t\t\t\t\t<\/div>\n\t\t<\/div>\n\t\t\t\t\t<\/div>\n\t\t<\/section>\n\t\t\t\t<\/div>\n\t\t","protected":false},"excerpt":{"rendered":"<p>Casita Joy &amp; Love 3 chambres \u2014 Capacit\u00e9 6 personnes 1er \u00e9TAGE &#8211; TERRASSE Master BedRoom \u00e0 l&rsquo;\u00e9tage avec sa salle de bains, sa terrasse priv\u00e9e avec mobilier ext\u00e9rieur et vue sur la r\u00e9serve naturelle. Literie de qualit\u00e9 180cm. Chambre climatis\u00e9e. D\u00c9COUVRIR VUE SUR LA R\u00e9SERVE NATURELLE Master BedRoom au rez-de-chauss\u00e9e avec sa salle de [&hellip;]<\/p>\n","protected":false},"author":1,"featured_media":0,"parent":0,"menu_order":0,"comment_status":"closed","ping_status":"closed","template":"","meta":{"content-type":"","_monsterinsights_skip_tracking":false,"_monsterinsights_sitenote_active":false,"_monsterinsights_sitenote_note":"","_monsterinsights_sitenote_category":0,"footnotes":""},"class_list":["post-1708","page","type-page","status-publish","hentry"],"aioseo_notices":[],"_links":{"self":[{"href":"https:\/\/casita-joylove.com\/index.php\/wp-json\/wp\/v2\/pages\/1708","targetHints":{"allow":["GET"]}}],"collection":[{"href":"https:\/\/casita-joylove.com\/index.php\/wp-json\/wp\/v2\/pages"}],"about":[{"href":"https:\/\/casita-joylove.com\/index.php\/wp-json\/wp\/v2\/types\/page"}],"author":[{"embeddable":true,"href":"https:\/\/casita-joylove.com\/index.php\/wp-json\/wp\/v2\/users\/1"}],"replies":[{"embeddable":true,"href":"https:\/\/casita-joylove.com\/index.php\/wp-json\/wp\/v2\/comments?post=1708"}],"version-history":[{"count":49,"href":"https:\/\/casita-joylove.com\/index.php\/wp-json\/wp\/v2\/pages\/1708\/revisions"}],"predecessor-version":[{"id":1810,"href":"https:\/\/casita-joylove.com\/index.php\/wp-json\/wp\/v2\/pages\/1708\/revisions\/1810"}],"wp:attachment":[{"href":"https:\/\/casita-joylove.com\/index.php\/wp-json\/wp\/v2\/media?parent=1708"}],"curies":[{"name":"wp","href":"https:\/\/api.w.org\/{rel}","templated":true}]}}