{"id":1194,"date":"2024-06-19T14:11:14","date_gmt":"2024-06-19T12:11:14","guid":{"rendered":"https:\/\/casita-joylove.com\/?page_id=1194"},"modified":"2024-07-17T12:22:44","modified_gmt":"2024-07-17T10:22:44","slug":"disponibilites-casita-joy-love","status":"publish","type":"page","link":"https:\/\/casita-joylove.com\/index.php\/disponibilites-casita-joy-love\/","title":{"rendered":"Disponibilit\u00e9s Casita Joy &amp; LOve"},"content":{"rendered":"\t\t<div data-elementor-type=\"wp-page\" data-elementor-id=\"1194\" class=\"elementor elementor-1194\">\n\t\t\t\t<div class=\"elementor-element elementor-element-50b7dfe e-flex e-con-boxed qodef-elementor-content-no e-con e-parent\" data-id=\"50b7dfe\" data-element_type=\"container\">\n\t\t\t\t\t<div class=\"e-con-inner\">\n\t\t\t\t<div class=\"elementor-element elementor-element-a4a163a elementor-widget elementor-widget-heading\" data-id=\"a4a163a\" data-element_type=\"widget\" data-widget_type=\"heading.default\">\n\t\t\t\t<div class=\"elementor-widget-container\">\n\t\t\t<style>\/*! elementor - v3.22.0 - 17-06-2024 *\/\n.elementor-heading-title{padding:0;margin:0;line-height:1}.elementor-widget-heading .elementor-heading-title[class*=elementor-size-]>a{color:inherit;font-size:inherit;line-height:inherit}.elementor-widget-heading .elementor-heading-title.elementor-size-small{font-size:15px}.elementor-widget-heading .elementor-heading-title.elementor-size-medium{font-size:19px}.elementor-widget-heading .elementor-heading-title.elementor-size-large{font-size:29px}.elementor-widget-heading .elementor-heading-title.elementor-size-xl{font-size:39px}.elementor-widget-heading .elementor-heading-title.elementor-size-xxl{font-size:59px}<\/style><h2 class=\"elementor-heading-title elementor-size-default\">TARIFS<\/h2>\t\t<\/div>\n\t\t\t\t<\/div>\n\t\t\t\t\t<\/div>\n\t\t\t\t<\/div>\n\t\t<div class=\"elementor-element elementor-element-2f2f825 e-flex e-con-boxed qodef-elementor-content-no e-con e-parent\" data-id=\"2f2f825\" data-element_type=\"container\">\n\t\t\t\t\t<div class=\"e-con-inner\">\n\t\t\t\t<div class=\"elementor-element elementor-element-c4072d9 elementor-widget__width-initial elementor-widget elementor-widget-text-editor\" data-id=\"c4072d9\" data-element_type=\"widget\" data-widget_type=\"text-editor.default\">\n\t\t\t\t<div class=\"elementor-widget-container\">\n\t\t\t<style>\/*! elementor - v3.22.0 - 17-06-2024 *\/\n.elementor-widget-text-editor.elementor-drop-cap-view-stacked .elementor-drop-cap{background-color:#69727d;color:#fff}.elementor-widget-text-editor.elementor-drop-cap-view-framed .elementor-drop-cap{color:#69727d;border:3px solid;background-color:transparent}.elementor-widget-text-editor:not(.elementor-drop-cap-view-default) .elementor-drop-cap{margin-top:8px}.elementor-widget-text-editor:not(.elementor-drop-cap-view-default) .elementor-drop-cap-letter{width:1em;height:1em}.elementor-widget-text-editor .elementor-drop-cap{float:left;text-align:center;line-height:1;font-size:50px}.elementor-widget-text-editor .elementor-drop-cap-letter{display:inline-block}<\/style>\t\t\t\t<p>Hello!<\/p><p>Merci pour votre int\u00e9r\u00eat \u00e0 la <i>Casita Joy &amp; Love<\/i>, maison <strong>coup de c\u0153ur<\/strong> \u00e0 Jav\u00e9a, en Espagne.<\/p><p>\u00a0<\/p><p><em>Voici les informations de prix en fonction des saisons<\/em><\/p><p><strong>Haute saison (15 juin &#8211; 15 septembre)<\/strong><\/p><ul><li><strong>4.000 \u20ac<\/strong> par semaine\u00a0(location de minimum une semaine. Au-del\u00e0, 600 euros par nuit suppl\u00e9mentaire jusqu\u2019au 14\u00e8me\u00a0jour)<\/li><li>\u00c0 partir du 16\u00e8me jour et au-del\u00e0 :\u00a0<strong>500 \u20ac<\/strong> par nuit<\/li><\/ul><p><strong>Moyenne saison (15 septembre &#8211; 30 octobre &amp; 1er avril &#8211; 30 juin)<\/strong><\/p><ul><li><strong>3.500 \u20ac<\/strong> par semaine\u00a0(minimum une semaine)<\/li><li>\u00c0 partir du 16\u00e8me jour : <strong>450 \u20ac<\/strong> par nuit<\/li><\/ul>\t\t\t\t\t\t<\/div>\n\t\t\t\t<\/div>\n\t\t\t\t<div class=\"elementor-element elementor-element-a9e3939 elementor-widget elementor-widget-text-editor\" data-id=\"a9e3939\" data-element_type=\"widget\" data-widget_type=\"text-editor.default\">\n\t\t\t\t<div class=\"elementor-widget-container\">\n\t\t\t\t\t\t\t<p><strong>Frais de nettoyage de sortie<\/strong>\u00a0: <strong>250 \u20ac<\/strong><\/p><p>Forfait incluant maximum 10 heures de nettoyage. Au-del\u00e0 et dans le cas o\u00f9 les lieux ne sont pas restitu\u00e9s dans un \u00e9tat de propret\u00e9 acceptable, un suppl\u00e9ment de 25 euros par heure sera factur\u00e9.<\/p><p><i>Autres p\u00e9riodes<\/i> :\u00a0Merci de nous contacter pour les tarifs et nous communiquer les dates souhait\u00e9es, <a href=\"mailto:surprise@please-surprise.me\"><i>en cliquant ici<\/i><\/a><\/p><p>\u00a0<\/p><p><strong>Modalit\u00e9s<\/strong><\/p><ul><li>Arriv\u00e9e (check in) \u00e0 <strong>16h<\/strong><\/li><li>D\u00e9part (check out) \u00e0 <strong>10h <\/strong><\/li><\/ul><p><strong>Caution<\/strong><\/p><p>Nous demandons une <u>caution de 2.000 \u20ac<\/u> qui vous sera restitu\u00e9e d\u00e8s l&rsquo;\u00e9tat des lieux de sortie.<\/p><p>Vous pouvez faire une demande de r\u00e9servation directement via l&rsquo;agenda en ligne ci-dessous.<\/p>\t\t\t\t\t\t<\/div>\n\t\t\t\t<\/div>\n\t\t\t\t<div class=\"elementor-element elementor-element-6f49741 elementor-widget elementor-widget-image\" data-id=\"6f49741\" data-element_type=\"widget\" data-widget_type=\"image.default\">\n\t\t\t\t<div class=\"elementor-widget-container\">\n\t\t\t<style>\/*! elementor - v3.22.0 - 17-06-2024 *\/\n.elementor-widget-image{text-align:center}.elementor-widget-image a{display:inline-block}.elementor-widget-image a img[src$=\".svg\"]{width:48px}.elementor-widget-image img{vertical-align:middle;display:inline-block}<\/style>\t\t\t\t\t\t\t\t\t\t<img fetchpriority=\"high\" decoding=\"async\" width=\"768\" height=\"1024\" src=\"https:\/\/casita-joylove.com\/wp-content\/uploads\/2024\/06\/maison-location-espagne-javea-interieur-03-768x1024.jpg\" class=\"attachment-large size-large wp-image-1153\" alt=\"\" srcset=\"https:\/\/casita-joylove.com\/wp-content\/uploads\/2024\/06\/maison-location-espagne-javea-interieur-03-768x1024.jpg 768w, https:\/\/casita-joylove.com\/wp-content\/uploads\/2024\/06\/maison-location-espagne-javea-interieur-03-225x300.jpg 225w, https:\/\/casita-joylove.com\/wp-content\/uploads\/2024\/06\/maison-location-espagne-javea-interieur-03-1152x1536.jpg 1152w, https:\/\/casita-joylove.com\/wp-content\/uploads\/2024\/06\/maison-location-espagne-javea-interieur-03.jpg 1500w\" sizes=\"(max-width: 768px) 100vw, 768px\" \/>\t\t\t\t\t\t\t\t\t\t\t\t\t<\/div>\n\t\t\t\t<\/div>\n\t\t\t\t\t<\/div>\n\t\t\t\t<\/div>\n\t\t<div class=\"elementor-element elementor-element-2c59ca4 e-flex e-con-boxed qodef-elementor-content-no e-con e-parent\" data-id=\"2c59ca4\" data-element_type=\"container\">\n\t\t\t\t\t<div class=\"e-con-inner\">\n\t\t\t\t<div class=\"elementor-element elementor-element-bd9ca88 elementor-widget elementor-widget-spacer\" data-id=\"bd9ca88\" data-element_type=\"widget\" data-widget_type=\"spacer.default\">\n\t\t\t\t<div class=\"elementor-widget-container\">\n\t\t\t<style>\/*! elementor - v3.22.0 - 17-06-2024 *\/\n.elementor-column .elementor-spacer-inner{height:var(--spacer-size)}.e-con{--container-widget-width:100%}.e-con-inner>.elementor-widget-spacer,.e-con>.elementor-widget-spacer{width:var(--container-widget-width,var(--spacer-size));--align-self:var(--container-widget-align-self,initial);--flex-shrink:0}.e-con-inner>.elementor-widget-spacer>.elementor-widget-container,.e-con>.elementor-widget-spacer>.elementor-widget-container{height:100%;width:100%}.e-con-inner>.elementor-widget-spacer>.elementor-widget-container>.elementor-spacer,.e-con>.elementor-widget-spacer>.elementor-widget-container>.elementor-spacer{height:100%}.e-con-inner>.elementor-widget-spacer>.elementor-widget-container>.elementor-spacer>.elementor-spacer-inner,.e-con>.elementor-widget-spacer>.elementor-widget-container>.elementor-spacer>.elementor-spacer-inner{height:var(--container-widget-height,var(--spacer-size))}.e-con-inner>.elementor-widget-spacer.elementor-widget-empty,.e-con>.elementor-widget-spacer.elementor-widget-empty{position:relative;min-height:22px;min-width:22px}.e-con-inner>.elementor-widget-spacer.elementor-widget-empty .elementor-widget-empty-icon,.e-con>.elementor-widget-spacer.elementor-widget-empty .elementor-widget-empty-icon{position:absolute;top:0;bottom:0;left:0;right:0;margin:auto;padding:0;width:22px;height:22px}<\/style>\t\t<div class=\"elementor-spacer\">\n\t\t\t<div class=\"elementor-spacer-inner\"><\/div>\n\t\t<\/div>\n\t\t\t\t<\/div>\n\t\t\t\t<\/div>\n\t\t\t\t<div class=\"elementor-element elementor-element-c14bd17 elementor-widget elementor-widget-heading\" data-id=\"c14bd17\" data-element_type=\"widget\" data-widget_type=\"heading.default\">\n\t\t\t\t<div class=\"elementor-widget-container\">\n\t\t\t<h2 class=\"elementor-heading-title elementor-size-default\">DISPONIBILIT\u00c9S<\/h2>\t\t<\/div>\n\t\t\t\t<\/div>\n\t\t\t\t<div class=\"elementor-element elementor-element-eebb29f elementor-widget elementor-widget-text-editor\" data-id=\"eebb29f\" data-element_type=\"widget\" data-widget_type=\"text-editor.default\">\n\t\t\t\t<div class=\"elementor-widget-container\">\n\t\t\t\t\t\t\t<p>Merci de choisir vos dates souhait\u00e9es dans le calendrier ci-dessous. Nous vous r\u00e9pondons dans les 48h.<\/p>\t\t\t\t\t\t<\/div>\n\t\t\t\t<\/div>\n\t\t\t\t\t<\/div>\n\t\t\t\t<\/div>\n\t\t<div class=\"elementor-element elementor-element-3662834 e-con-full e-flex qodef-elementor-content-no e-con e-parent\" data-id=\"3662834\" data-element_type=\"container\">\n\t\t\t\t<div class=\"elementor-element elementor-element-0c82418 elementor-widget__width-initial elementor-widget elementor-widget-shortcode\" data-id=\"0c82418\" data-element_type=\"widget\" data-widget_type=\"shortcode.default\">\n\t\t\t\t<div class=\"elementor-widget-container\">\n\t\t\t\t\t<div class=\"elementor-shortcode\"> <div id=\"form_id28423002048\"  class=\"wpbc_container wpbc_container_booking_form  wpdevelop \" ><form  id=\"booking_form1\"   class=\"booking_form vertical\" method=\"post\" action=\"\"><div id=\"ajax_respond_insert1\" class=\"ajax_respond_insert\" style=\"display:none;\"><\/div><a name=\"bklnk1\" id=\"bklnk1\"><\/a><div id=\"booking_form_div1\" class=\"booking_form_div\"><style type=\"text\/css\">.wpbc_container_booking_form .block_hints, .wpbc_booking_form_simple .wpbc__form__div{max-width:440px;} <\/style>\n<div class=\"wpbc_booking_form_simple \">\n\t<div class=\"wpbc__row\">\n\t\t<div class=\"wpbc__field\">\n<div class=\"wpbc_calendar_wraper wpbc_change_over_triangle\"><div class=\"bk_calendar_frame wpbc_no_custom_width  months_num_in_row_ cal_month_num_1\" style=\"\"><div id=\"calendar_booking1\">Chargement du calendrier...<\/div><\/div><div style=\"font-size:7px;text-align:left;margin:0 0 10px;text-shadow: none;\">Powered by <a href=\"https:\/\/wpbookingcalendar.com\" target=\"_blank\" title=\"Booking Calendar plugin for WordPress\">Booking Calendar<\/a><\/div><textarea id=\"date_booking1\" name=\"date_booking1\" autocomplete=\"off\" style=\"display:none;\"><\/textarea><div class=\"block_hints datepick \"><div class=\"wpdev_hint_with_text\"><div class=\"block_free datepick-days-cell\"><a>&nbsp;<\/a><\/div><div class=\"block_text\">- <\/div><div class=\"block_text\">Disponible<\/div><\/div><div class=\"wpdev_hint_with_text\"><div class=\"block_booked date_approved\">&nbsp;<\/div><div class=\"block_text\">- <\/div><div class=\"block_text\">R\u00e9serv\u00e9<\/div><\/div><div class=\"wpdev_hint_with_text\"><div class=\"block_pending date2approve\">&nbsp;<\/div><div class=\"block_text\">- <\/div><div class=\"block_text\">En attente<\/div><\/div><\/div><\/div>\n\t\t<\/div>\n\t\t<div class=\"wpbc__field\">\n<div class=\"wpbc__form__div\">\n\t<div class=\"wpbc__row\">\n\t\t<div class=\"wpbc__field\">  <label for=\"name1\">Pr\u00e9nom*:<\/label><br>   <input type=\"text\" name=\"name1\" id=\"name1\" class=\"input-xlarge wpdev-validates-as-required\" \/><\/div>\n\t<\/div>\n\t<div class=\"wpbc__row\">\n\t\t<div class=\"wpbc__field\">  <label for=\"secondname1\">Nom*:<\/label><br>   <input type=\"text\" name=\"secondname1\" id=\"secondname1\" class=\"input-xlarge wpdev-validates-as-required\" \/><\/div>\n\t<\/div>\n\t<div class=\"wpbc__row\">\n\t\t<div class=\"wpbc__field\">  <label for=\"email1\">Email*:<\/label><br>   <input type=\"text\" name=\"email1\" id=\"email1\" class=\"input-xlarge wpdev-validates-as-email wpdev-validates-as-required wpdev-validates-as-required\" \/><\/div>\n\t<\/div>\n\t<div class=\"wpbc__row\">\n\t\t<div class=\"wpbc__field\">  <label for=\"phone1\">T\u00e9l\u00e9phone*:<\/label><br>   <input type=\"text\" name=\"phone1\" id=\"phone1\" class=\"input-xlarge wpdev-validates-as-required\" \/><\/div>\n\t<\/div>\n\t<div class=\"wpbc__row\">\n\t\t<div class=\"wpbc__field\">  <label for=\"details1\">Details:<\/label><br>   <textarea  rows=\"3\" name=\"details1\" id=\"details1\" class=\"input-xlarge\" ><\/textarea><\/div>\n\t<\/div>\n\t<div class=\"wpbc__row\">\n\t\t<div class=\"wpbc__field\"> <p><button class=\"wpbc_button_light\" type=\"button\" onclick=\"mybooking_submit(this.form,1,'fr_FR');\" >Envoyer<\/button><\/p> <\/div>\n\t<\/div>\n<\/div>\n\t<\/div>\n\t<\/div>\n<\/div><input id=\"bk_type1\" name=\"bk_type1\" class=\"\" type=\"hidden\" value=\"1\" \/><\/div><div id=\"submiting1\"><\/div><div class=\"form_bk_messages\" id=\"form_bk_messages1\" ><\/div><input type=\"hidden\" id=\"wpbc_nonceCALCULATE_THE_COST1\" name=\"wpbc_nonceCALCULATE_THE_COST1\" value=\"95f5a670a7\" \/><input type=\"hidden\" name=\"_wp_http_referer\" value=\"\/index.php\/wp-json\/wp\/v2\/pages\/1194\" \/><\/form><\/div><div id=\"booking_form_garbage1\" class=\"booking_form_garbage\"><\/div><script type=\"text\/javascript\">\n                                jQuery(document).ready( function(){\n                                    jQuery(\".widget_wpdev_booking .booking_form.form-horizontal\").removeClass(\"form-horizontal\");\n                                    var visible_calendars_count = _wpbc.get_other_param( \"calendars__on_this_page\" ).length;\n                                    if (visible_calendars_count !== null ) {\n                                        for (var i=0;i< visible_calendars_count ;i++){\n                                          if ( _wpbc.get_other_param( \"calendars__on_this_page\" )[i] === 1 ) {\n                                              document.getElementById(\"form_id28423002048\").innerHTML = \"<span style='color:#A00;font-size:10px;'>Attention! Le calendrier des r\u00e9servations pour ce type de ressources est d\u00e9j\u00e0 sur la page, veuillez v\u00e9rifier toute question \u00e0 ce sujet sur cette page: https:\/\/wpbookingcalendar.com\/faq\/why-the-booking-calendar-widget-not-show-on-page\/.<\/span>\";                                                                                                  \n                                              jQuery(\"#form_id28423002048\").animate( {opacity: 1}, 10000 ).fadeOut(5000);\n                                              return;\n                                          }\n                                        }\n                                        _wpbc.get_other_param( \"calendars__on_this_page\" )[ visible_calendars_count ]=1;\n                                    }\n                                });\n                            <\/script> <script type='text\/javascript'> jQuery(document).ready( function(){  _wpbc.balancer__set_max_threads( 3 );  _wpbc.calendar__set_param_value( 1 , 'calendar_scroll_to' , false );  _wpbc.calendar__set_param_value( 1 , 'booking_max_monthes_in_calendar' , '2y' );  _wpbc.calendar__set_param_value( 1 , 'booking_start_day_weeek' , '1' );  _wpbc.calendar__set_param_value( 1 , 'calendar_number_of_months' , '1' );   _wpbc.calendar__set_param_value( 1, 'days_select_mode', 'multiple' );   _wpbc.calendar__set_param_value( 1, 'fixed__days_num', 0 );   _wpbc.calendar__set_param_value( 1, 'fixed__week_days__start',   [] );   _wpbc.calendar__set_param_value( 1, 'dynamic__days_min', 0 );   _wpbc.calendar__set_param_value( 1, 'dynamic__days_max', 0 );   _wpbc.calendar__set_param_value( 1, 'dynamic__days_specific',    [] );   _wpbc.calendar__set_param_value( 1, 'dynamic__week_days__start', [] );   _wpbc.calendar__set_param_value( 1, 'booking_date_format', 'j F Y' );   _wpbc.calendar__set_param_value( 1, 'booking_time_format', 'Ghi' );   if ( 'function' === typeof ( wpbc__conditions__SAVE_INITIAL__days_selection_params__bm ) ){ wpbc__conditions__SAVE_INITIAL__days_selection_params__bm( 1 ); }   wpbc_calendar_show( '1' );   _wpbc.set_secure_param( 'nonce',   '0fafc9ef56' );   _wpbc.set_secure_param( 'user_id', '0' );   _wpbc.set_secure_param( 'locale',  'fr_FR' );  wpbc_calendar__load_data__ajx( {\"resource_id\":1,\"booking_hash\":\"\",\"request_uri\":\"\\\/index.php\\\/wp-json\\\/wp\\\/v2\\\/pages\\\/1194\",\"custom_form\":\"standard\",\"aggregate_resource_id_str\":\"\",\"aggregate_type\":\"all\"} );  } ); <\/script><\/div>\n\t\t\t\t<\/div>\n\t\t\t\t<\/div>\n\t\t\t\t<\/div>\n\t\t\t\t<\/div>\n\t\t","protected":false},"excerpt":{"rendered":"<p>TARIFS Hello! Merci pour votre int\u00e9r\u00eat \u00e0 la Casita Joy &amp; Love, maison coup de c\u0153ur \u00e0 Jav\u00e9a, en Espagne. \u00a0 Voici les informations de prix en fonction des saisons Haute saison (15 juin &#8211; 15 septembre) 4.000 \u20ac par semaine\u00a0(location de minimum une semaine. Au-del\u00e0, 600 euros par nuit suppl\u00e9mentaire jusqu\u2019au 14\u00e8me\u00a0jour) \u00c0 partir [&hellip;]<\/p>\n","protected":false},"author":1,"featured_media":0,"parent":0,"menu_order":0,"comment_status":"closed","ping_status":"closed","template":"","meta":{"content-type":"","_monsterinsights_skip_tracking":false,"_monsterinsights_sitenote_active":false,"_monsterinsights_sitenote_note":"","_monsterinsights_sitenote_category":0,"footnotes":""},"class_list":["post-1194","page","type-page","status-publish","hentry"],"aioseo_notices":[],"_links":{"self":[{"href":"https:\/\/casita-joylove.com\/index.php\/wp-json\/wp\/v2\/pages\/1194","targetHints":{"allow":["GET"]}}],"collection":[{"href":"https:\/\/casita-joylove.com\/index.php\/wp-json\/wp\/v2\/pages"}],"about":[{"href":"https:\/\/casita-joylove.com\/index.php\/wp-json\/wp\/v2\/types\/page"}],"author":[{"embeddable":true,"href":"https:\/\/casita-joylove.com\/index.php\/wp-json\/wp\/v2\/users\/1"}],"replies":[{"embeddable":true,"href":"https:\/\/casita-joylove.com\/index.php\/wp-json\/wp\/v2\/comments?post=1194"}],"version-history":[{"count":41,"href":"https:\/\/casita-joylove.com\/index.php\/wp-json\/wp\/v2\/pages\/1194\/revisions"}],"predecessor-version":[{"id":1807,"href":"https:\/\/casita-joylove.com\/index.php\/wp-json\/wp\/v2\/pages\/1194\/revisions\/1807"}],"wp:attachment":[{"href":"https:\/\/casita-joylove.com\/index.php\/wp-json\/wp\/v2\/media?parent=1194"}],"curies":[{"name":"wp","href":"https:\/\/api.w.org\/{rel}","templated":true}]}}